{"id":17,"date":"2011-02-14T19:33:24","date_gmt":"2011-02-14T18:33:24","guid":{"rendered":"http:\/\/epinenoire.noblogs.org\/"},"modified":"2011-02-14T19:33:24","modified_gmt":"2011-02-14T18:33:24","slug":"edito-numero-0","status":"publish","type":"page","link":"https:\/\/epinenoire.noblogs.org\/?page_id=17","title":{"rendered":"Edito \/ num\u00e9ro 0"},"content":{"rendered":"<p>Edito<\/p>\n<p>2011, nouvelle ann\u00e9e&#8230;<\/p>\n<p>Gueule de bois apr\u00e8s la d\u00e9faite du dernier mouvement social de grande ampleur d\u2019automne dernier. On festoie tout de m\u00eame en famille et\/ou entre amis les f\u00eates de fin d\u2019ann\u00e9e en esp\u00e9rant que la prochaine sera meilleure. Alors\u00a0 on rentre dans le jeu des promesses, des r\u00e9solutions. La n\u00f4tre consiste \u00e0 \u00e9crire un nouveau canard local, comme un nouvel outil de luttes : analyser et critiquer ce qui se passe sous nos yeux (ou pas) ; d\u00e9mystifier les m\u00e9canismes de la domination et la critique du pouvoir et de\u00a0 l\u2019autoritarisme.<\/p>\n<p>Certain-e-s, comme les tunisienn-e-s y ont r\u00e9pondu au pouvoir et \u00e0 l\u2019autoritarisme par des \u00e9meutes insurrectionnelles qui ont abouti \u00e0 l\u2019\u00e9viction de leur ancien ma\u00eetre Ben Ali, sp\u00e9cialiste de la domination depuis\u00a0 plus de vingt-trois ans. C\u2019est une r\u00e9volution ! Un mouvement populaire qui risque de d\u00e9placer les rapports de forces et de donner des ailes\u00a0 \u00e0 d\u2019autres \u2013 pourquoi pas au peuple de l\u2019Hexagone ?<\/p>\n<p>On n\u2019y est pas encore, mais on y travaille et, de l\u2019autre c\u00f4t\u00e9 de la barricade, les dominants veillent car, bien entendu, rien n\u2019est jou\u00e9.<br \/>\nPoitiers. Des changements s\u2019op\u00e8rent : les laborantins de tous ordres se perfectionnent, alliant Urbanisme, Economie marchande et R\u00e9pression polici\u00e8re. Face \u00e0 ces projets, nous serons ces chieuses et chieurs de tous poils, ces petites \u00e9pines dans les pieds qui font vaciller l\u2019arrogance des puissants.<\/p>\n","protected":false},"excerpt":{"rendered":"<p>Edito 2011, nouvelle ann\u00e9e&#8230; Gueule de bois apr\u00e8s la d\u00e9faite du dernier mouvement social de grande ampleur d\u2019automne dernier. On festoie tout de m\u00eame en famille et\/ou entre amis les f\u00eates de fin d\u2019ann\u00e9e en esp\u00e9rant que la prochaine sera meilleure. Alors\u00a0 on rentre dans le jeu des promesses, des r\u00e9solutions. La n\u00f4tre consiste \u00e0 [&hellip;]<\/p>\n","protected":false},"author":2448,"featured_media":0,"parent":0,"menu_order":0,"comment_status":"open","ping_status":"open","template":"","meta":{"footnotes":""},"class_list":["post-17","page","type-page","status-publish","hentry"],"_links":{"self":[{"href":"https:\/\/epinenoire.noblogs.org\/index.php?rest_route=\/wp\/v2\/pages\/17","targetHints":{"allow":["GET"]}}],"collection":[{"href":"https:\/\/epinenoire.noblogs.org\/index.php?rest_route=\/wp\/v2\/pages"}],"about":[{"href":"https:\/\/epinenoire.noblogs.org\/index.php?rest_route=\/wp\/v2\/types\/page"}],"author":[{"embeddable":true,"href":"https:\/\/epinenoire.noblogs.org\/index.php?rest_route=\/wp\/v2\/users\/2448"}],"replies":[{"embeddable":true,"href":"https:\/\/epinenoire.noblogs.org\/index.php?rest_route=%2Fwp%2Fv2%2Fcomments&post=17"}],"version-history":[{"count":2,"href":"https:\/\/epinenoire.noblogs.org\/index.php?rest_route=\/wp\/v2\/pages\/17\/revisions"}],"predecessor-version":[{"id":19,"href":"https:\/\/epinenoire.noblogs.org\/index.php?rest_route=\/wp\/v2\/pages\/17\/revisions\/19"}],"wp:attachment":[{"href":"https:\/\/epinenoire.noblogs.org\/index.php?rest_route=%2Fwp%2Fv2%2Fmedia&parent=17"}],"curies":[{"name":"wp","href":"https:\/\/api.w.org\/{rel}","templated":true}]}}